{"id":519,"date":"2022-01-20T11:44:49","date_gmt":"2022-01-20T16:44:49","guid":{"rendered":"https:\/\/solutionomd.com\/about-us\/"},"modified":"2022-01-27T14:59:19","modified_gmt":"2022-01-27T19:59:19","slug":"about-us","status":"publish","type":"page","link":"https:\/\/solutionomd.com\/en\/about-us\/","title":{"rendered":"About us"},"content":{"rendered":"<p>[et_pb_section fb_built=&#8221;1&#8243; custom_padding_last_edited=&#8221;on|desktop&#8221; admin_label=&#8221;\u00c0 propos&#8221; _builder_version=&#8221;4.14.2&#8243; _module_preset=&#8221;default&#8221; background_image=&#8221;https:\/\/solutionomd.com\/wp-content\/uploads\/2021\/12\/header-a-propos.jpg&#8221; custom_padding=&#8221;110px||110px||true|false&#8221; custom_padding_tablet=&#8221;80px||80px||true|false&#8221; custom_padding_phone=&#8221;55px||55px||true|false&#8221; global_colors_info=&#8221;{}&#8221;][et_pb_row admin_label=&#8221;About us&#8221; module_class=&#8221;row-90 row-header&#8221; _builder_version=&#8221;4.14.2&#8243; _module_preset=&#8221;default&#8221; animation_style=&#8221;slide&#8221; animation_direction=&#8221;left&#8221; global_colors_info=&#8221;{}&#8221;][et_pb_column type=&#8221;4_4&#8243; _builder_version=&#8221;4.14.2&#8243; _module_preset=&#8221;default&#8221; global_colors_info=&#8221;{}&#8221;][et_pb_text admin_label=&#8221;\u00c0 propos&#8221; _builder_version=&#8221;4.14.2&#8243; _module_preset=&#8221;default&#8221; header_font=&#8221;|700|||||||&#8221; header_text_color=&#8221;#FFFFFF&#8221; header_font_size=&#8221;52px&#8221; header_line_height=&#8221;1.3em&#8221; header_font_size_tablet=&#8221;45px&#8221; header_font_size_phone=&#8221;35px&#8221; header_font_size_last_edited=&#8221;on|desktop&#8221; custom_css_main_element=&#8221;width:fit-content;||-moz-width:fit-content;||-webkit-width:fit-content;&#8221; border_width_bottom=&#8221;6px&#8221; border_color_bottom=&#8221;#0998D4&#8243; global_colors_info=&#8221;{}&#8221;]<\/p>\n<h1>About us<\/h1>\n<p>[\/et_pb_text][\/et_pb_column][\/et_pb_row][\/et_pb_section][et_pb_section fb_built=&#8221;1&#8243; admin_label=&#8221;Les avantages de miser sur des experts SQL Server&#8221; _builder_version=&#8221;4.14.2&#8243; _module_preset=&#8221;default&#8221; global_colors_info=&#8221;{}&#8221;][et_pb_row admin_label=&#8221;The benefits of relying on SQL Server experts&#8221; module_class=&#8221;row-90 row-avantages&#8221; _builder_version=&#8221;4.14.2&#8243; _module_preset=&#8221;default&#8221; custom_margin=&#8221;0px||||false|false&#8221; custom_padding=&#8221;0px||||false|false&#8221; animation_style=&#8221;slide&#8221; global_colors_info=&#8221;{}&#8221;][et_pb_column type=&#8221;4_4&#8243; _builder_version=&#8221;4.14.2&#8243; _module_preset=&#8221;default&#8221; global_colors_info=&#8221;{}&#8221;][et_pb_text admin_label=&#8221;Les avantages de miser sur des experts SQL Server&#8221; _builder_version=&#8221;4.14.2&#8243; _module_preset=&#8221;default&#8221; header_2_font=&#8221;|700||on|||||&#8221; header_2_text_align=&#8221;center&#8221; header_2_text_color=&#8221;#0B1021&#8243; header_2_font_size=&#8221;30px&#8221; header_2_line_height=&#8221;1.3em&#8221; custom_margin=&#8221;||10px||false|false&#8221; header_2_font_size_tablet=&#8221;25px&#8221; header_2_font_size_phone=&#8221;20px&#8221; header_2_font_size_last_edited=&#8221;on|desktop&#8221; global_colors_info=&#8221;{}&#8221;]<\/p>\n<h2>The benefits of relying on <span style=\"color: #f22d3c;\">SQL Server experts<\/span><\/h2>\n<p>[\/et_pb_text][et_pb_text admin_label=&#8221;Faite la plus belle exp\u00e9rience collaborative qui soit! Parfois, la sous-traitance des services informatiques peut vous sembler hors de port\u00e9e ou compliqu\u00e9e, mais elle offre de grands avantages, quand vous faites affaire avec un partenaire comp\u00e9tant et qualifi\u00e9.&#8221; module_class=&#8221;content&#8221; _builder_version=&#8221;4.14.2&#8243; _module_preset=&#8221;default&#8221; text_text_color=&#8221;#0B1021&#8243; text_font_size=&#8221;20px&#8221; text_line_height=&#8221;1.3em&#8221; text_orientation=&#8221;center&#8221; max_width=&#8221;70%&#8221; max_width_tablet=&#8221;85%&#8221; max_width_phone=&#8221;100%&#8221; max_width_last_edited=&#8221;on|desktop&#8221; module_alignment=&#8221;center&#8221; text_font_size_tablet=&#8221;20px&#8221; text_font_size_phone=&#8221;16px&#8221; text_font_size_last_edited=&#8221;on|desktop&#8221; global_colors_info=&#8221;{}&#8221;]Have the best collaborative experience ever! Sometimes outsourcing IT services may seem out of reach or complicated, but it offers great benefits when you deal with a competent and qualified partner.[\/et_pb_text][\/et_pb_column][\/et_pb_row][et_pb_row column_structure=&#8221;1_2,1_2&#8243; use_custom_gutter=&#8221;on&#8221; gutter_width=&#8221;2&#8243; make_equal=&#8221;on&#8221; module_class=&#8221;row-solution-omd&#8221; _builder_version=&#8221;4.14.2&#8243; _module_preset=&#8221;default&#8221; width=&#8221;90%&#8221; module_alignment=&#8221;left&#8221; module_alignment_tablet=&#8221;center&#8221; module_alignment_phone=&#8221;center&#8221; module_alignment_last_edited=&#8221;on|tablet&#8221; global_colors_info=&#8221;{}&#8221;][et_pb_column type=&#8221;1_2&#8243; _builder_version=&#8221;4.14.2&#8243; _module_preset=&#8221;default&#8221; custom_css_main_element=&#8221;display: -webkit-box;||  display: -moz-box;||  display: -webkit-flex;||  display: -ms-flexbox;||  display: flex;||||-webkit-justify-content:center;||justify-content:center;||||-moz-flex-direction:column;||-ms-flex-direction:column;||-webkit-flex-direction:column;||flex-direction:column;&#8221; global_colors_info=&#8221;{}&#8221;][et_pb_image src=&#8221;https:\/\/solutionomd.com\/wp-content\/uploads\/2021\/12\/ordinateur-digital.jpg&#8221; title_text=&#8221;digital computer&#8221; _builder_version=&#8221;4.14.2&#8243; _module_preset=&#8221;default&#8221; global_colors_info=&#8221;{}&#8221;][\/et_pb_image][\/et_pb_column][et_pb_column type=&#8221;1_2&#8243; _builder_version=&#8221;4.14.2&#8243; _module_preset=&#8221;default&#8221; animation_style=&#8221;slide&#8221; custom_css_main_element=&#8221;display: -webkit-box;||  display: -moz-box;||  display: -webkit-flex;||  display: -ms-flexbox;||  display: flex;||||-webkit-justify-content:center;||justify-content:center;||||-moz-flex-direction:column;||-ms-flex-direction:column;||-webkit-flex-direction:column;||flex-direction:column;&#8221; global_colors_info=&#8221;{}&#8221;][et_pb_text admin_label=&#8221;Solution OMD fait partie de votre \u00e9quipe de travail&#8221; _builder_version=&#8221;4.14.2&#8243; _module_preset=&#8221;default&#8221; header_3_font=&#8221;|700|||||||&#8221; header_3_text_color=&#8221;#0B1021&#8243; header_3_font_size=&#8221;30px&#8221; header_3_line_height=&#8221;1.3em&#8221; custom_margin=&#8221;||15px||false|false&#8221; header_3_font_size_tablet=&#8221;25px&#8221; header_3_font_size_phone=&#8221;20px&#8221; header_3_font_size_last_edited=&#8221;on|desktop&#8221; global_colors_info=&#8221;{}&#8221;]<\/p>\n<h3>OMD Solution is part of your work team<\/h3>\n<p>[\/et_pb_text][et_pb_text admin_label=&#8221;Nous sommes disponibles quand vous le demandez. Nous examinons minutieusement vos besoins pour vous conseiller le plus judicieusement possible sur ce que vous devez faire pour optimiser, s\u00e9curiser et rendre vos syst\u00e8mes performants.&#8221; _builder_version=&#8221;4.14.2&#8243; _module_preset=&#8221;default&#8221; text_text_color=&#8221;#0B1021&#8243; text_font_size=&#8221;20px&#8221; text_line_height=&#8221;1.3em&#8221; text_font_size_tablet=&#8221;20px&#8221; text_font_size_phone=&#8221;16px&#8221; text_font_size_last_edited=&#8221;on|desktop&#8221; global_colors_info=&#8221;{}&#8221;]We are available when you request it. We carefully examine your needs to advise you as judiciously as possible on what you need to do to optimize, secure and make your systems efficient.<\/p>\n<p>When you choose OMD Solution, your concerns become ours. You&#8217;re betting on the right pawn. We have no hesitation in saying that you have made the choice par excellence for the mangement of your SQL servers.<\/p>\n<p>Our primary objective is to help you achieve the efficiency of an up-to-date system, reduce non-performance and lower your costs. Our experienced DBA team is committed to providing database administration services tailored to your needs while considering the evolution of your environment.[\/et_pb_text][\/et_pb_column][\/et_pb_row][\/et_pb_section]<\/p>\n","protected":false},"excerpt":{"rendered":"<p>About usThe benefits of relying on SQL Server expertsHave the best collaborative experience ever! Sometimes outsourcing IT services may seem out of reach or complicated, but it offers great benefits when you deal with a competent and qualified partner.OMD Solution is part of your work teamWe are available when you request it. We carefully examine [&hellip;]<\/p>\n","protected":false},"author":1,"featured_media":516,"parent":0,"menu_order":0,"comment_status":"closed","ping_status":"closed","template":"","meta":{"_et_pb_use_builder":"on","_et_pb_old_content":"","_et_gb_content_width":"","footnotes":""},"dipi_cpt_category":[],"class_list":["post-519","page","type-page","status-publish","has-post-thumbnail","hentry"],"yoast_head":"<!-- This site is optimized with the Yoast SEO plugin v27.3 - https:\/\/yoast.com\/product\/yoast-seo-wordpress\/ -->\n<title>About us || OMD Solution<\/title>\n<meta name=\"description\" content=\"Company information OMD Solution. Security and system performance. Your Microsoft SQL Server Certified Partner.\" \/>\n<meta name=\"robots\" content=\"index, follow, max-snippet:-1, max-image-preview:large, max-video-preview:-1\" \/>\n<link rel=\"canonical\" href=\"https:\/\/solutionomd.com\/a-propos\/\" \/>\n<meta property=\"og:locale\" content=\"en_US\" \/>\n<meta property=\"og:type\" content=\"article\" \/>\n<meta property=\"og:title\" content=\"About us || OMD Solution\" \/>\n<meta property=\"og:description\" content=\"Company information OMD Solution. Security and system performance. Your Microsoft SQL Server Certified Partner.\" \/>\n<meta property=\"og:url\" content=\"https:\/\/solutionomd.com\/a-propos\/\" \/>\n<meta property=\"og:site_name\" content=\"Solution OMD\" \/>\n<meta property=\"article:modified_time\" content=\"2022-01-27T19:59:19+00:00\" \/>\n<meta property=\"og:image\" content=\"https:\/\/solutionomd.com\/wp-content\/uploads\/2021\/12\/partage-reseaux-sociaux.jpg\" \/>\n\t<meta property=\"og:image:width\" content=\"1200\" \/>\n\t<meta property=\"og:image:height\" content=\"630\" \/>\n\t<meta property=\"og:image:type\" content=\"image\/jpeg\" \/>\n<meta name=\"twitter:card\" content=\"summary_large_image\" \/>\n<meta name=\"twitter:title\" content=\"About us || OMD Solution\" \/>\n<meta name=\"twitter:description\" content=\"Company information OMD Solution. Security and system performance. Your Microsoft SQL Server Certified Partner.\" \/>\n<meta name=\"twitter:label1\" content=\"Est. reading time\" \/>\n\t<meta name=\"twitter:data1\" content=\"4 minutes\" \/>\n<script type=\"application\/ld+json\" class=\"yoast-schema-graph\">{\"@context\":\"https:\\\/\\\/schema.org\",\"@graph\":[{\"@type\":\"WebPage\",\"@id\":\"https:\\\/\\\/solutionomd.com\\\/a-propos\\\/\",\"url\":\"https:\\\/\\\/solutionomd.com\\\/a-propos\\\/\",\"name\":\"About us || OMD Solution\",\"isPartOf\":{\"@id\":\"https:\\\/\\\/solutionomd.com\\\/#website\"},\"primaryImageOfPage\":{\"@id\":\"https:\\\/\\\/solutionomd.com\\\/a-propos\\\/#primaryimage\"},\"image\":{\"@id\":\"https:\\\/\\\/solutionomd.com\\\/a-propos\\\/#primaryimage\"},\"thumbnailUrl\":\"https:\\\/\\\/solutionomd.com\\\/wp-content\\\/uploads\\\/2021\\\/12\\\/partage-reseaux-sociaux.jpg\",\"datePublished\":\"2022-01-20T16:44:49+00:00\",\"dateModified\":\"2022-01-27T19:59:19+00:00\",\"description\":\"Company information OMD Solution. Security and system performance. Your Microsoft SQL Server Certified Partner.\",\"breadcrumb\":{\"@id\":\"https:\\\/\\\/solutionomd.com\\\/a-propos\\\/#breadcrumb\"},\"inLanguage\":\"en-US\",\"potentialAction\":[{\"@type\":\"ReadAction\",\"target\":[\"https:\\\/\\\/solutionomd.com\\\/a-propos\\\/\"]}]},{\"@type\":\"ImageObject\",\"inLanguage\":\"en-US\",\"@id\":\"https:\\\/\\\/solutionomd.com\\\/a-propos\\\/#primaryimage\",\"url\":\"https:\\\/\\\/solutionomd.com\\\/wp-content\\\/uploads\\\/2021\\\/12\\\/partage-reseaux-sociaux.jpg\",\"contentUrl\":\"https:\\\/\\\/solutionomd.com\\\/wp-content\\\/uploads\\\/2021\\\/12\\\/partage-reseaux-sociaux.jpg\",\"width\":1200,\"height\":630},{\"@type\":\"BreadcrumbList\",\"@id\":\"https:\\\/\\\/solutionomd.com\\\/a-propos\\\/#breadcrumb\",\"itemListElement\":[{\"@type\":\"ListItem\",\"position\":1,\"name\":\"Accueil\",\"item\":\"https:\\\/\\\/solutionomd.com\\\/\"},{\"@type\":\"ListItem\",\"position\":2,\"name\":\"About us\"}]},{\"@type\":\"WebSite\",\"@id\":\"https:\\\/\\\/solutionomd.com\\\/#website\",\"url\":\"https:\\\/\\\/solutionomd.com\\\/\",\"name\":\"Solution OMD\",\"description\":\"La sous-traitance de la gestion de vos donn\u00e9es\",\"potentialAction\":[{\"@type\":\"SearchAction\",\"target\":{\"@type\":\"EntryPoint\",\"urlTemplate\":\"https:\\\/\\\/solutionomd.com\\\/?s={search_term_string}\"},\"query-input\":{\"@type\":\"PropertyValueSpecification\",\"valueRequired\":true,\"valueName\":\"search_term_string\"}}],\"inLanguage\":\"en-US\"}]}<\/script>\n<!-- \/ Yoast SEO plugin. -->","yoast_head_json":{"title":"About us || OMD Solution","description":"Company information OMD Solution. Security and system performance. Your Microsoft SQL Server Certified Partner.","robots":{"index":"index","follow":"follow","max-snippet":"max-snippet:-1","max-image-preview":"max-image-preview:large","max-video-preview":"max-video-preview:-1"},"canonical":"https:\/\/solutionomd.com\/a-propos\/","og_locale":"en_US","og_type":"article","og_title":"About us || OMD Solution","og_description":"Company information OMD Solution. Security and system performance. Your Microsoft SQL Server Certified Partner.","og_url":"https:\/\/solutionomd.com\/a-propos\/","og_site_name":"Solution OMD","article_modified_time":"2022-01-27T19:59:19+00:00","og_image":[{"width":1200,"height":630,"url":"https:\/\/solutionomd.com\/wp-content\/uploads\/2021\/12\/partage-reseaux-sociaux.jpg","type":"image\/jpeg"}],"twitter_card":"summary_large_image","twitter_title":"About us || OMD Solution","twitter_description":"Company information OMD Solution. Security and system performance. Your Microsoft SQL Server Certified Partner.","twitter_misc":{"Est. reading time":"4 minutes"},"schema":{"@context":"https:\/\/schema.org","@graph":[{"@type":"WebPage","@id":"https:\/\/solutionomd.com\/a-propos\/","url":"https:\/\/solutionomd.com\/a-propos\/","name":"About us || OMD Solution","isPartOf":{"@id":"https:\/\/solutionomd.com\/#website"},"primaryImageOfPage":{"@id":"https:\/\/solutionomd.com\/a-propos\/#primaryimage"},"image":{"@id":"https:\/\/solutionomd.com\/a-propos\/#primaryimage"},"thumbnailUrl":"https:\/\/solutionomd.com\/wp-content\/uploads\/2021\/12\/partage-reseaux-sociaux.jpg","datePublished":"2022-01-20T16:44:49+00:00","dateModified":"2022-01-27T19:59:19+00:00","description":"Company information OMD Solution. Security and system performance. Your Microsoft SQL Server Certified Partner.","breadcrumb":{"@id":"https:\/\/solutionomd.com\/a-propos\/#breadcrumb"},"inLanguage":"en-US","potentialAction":[{"@type":"ReadAction","target":["https:\/\/solutionomd.com\/a-propos\/"]}]},{"@type":"ImageObject","inLanguage":"en-US","@id":"https:\/\/solutionomd.com\/a-propos\/#primaryimage","url":"https:\/\/solutionomd.com\/wp-content\/uploads\/2021\/12\/partage-reseaux-sociaux.jpg","contentUrl":"https:\/\/solutionomd.com\/wp-content\/uploads\/2021\/12\/partage-reseaux-sociaux.jpg","width":1200,"height":630},{"@type":"BreadcrumbList","@id":"https:\/\/solutionomd.com\/a-propos\/#breadcrumb","itemListElement":[{"@type":"ListItem","position":1,"name":"Accueil","item":"https:\/\/solutionomd.com\/"},{"@type":"ListItem","position":2,"name":"About us"}]},{"@type":"WebSite","@id":"https:\/\/solutionomd.com\/#website","url":"https:\/\/solutionomd.com\/","name":"Solution OMD","description":"La sous-traitance de la gestion de vos donn\u00e9es","potentialAction":[{"@type":"SearchAction","target":{"@type":"EntryPoint","urlTemplate":"https:\/\/solutionomd.com\/?s={search_term_string}"},"query-input":{"@type":"PropertyValueSpecification","valueRequired":true,"valueName":"search_term_string"}}],"inLanguage":"en-US"}]}},"_links":{"self":[{"href":"https:\/\/solutionomd.com\/en\/wp-json\/wp\/v2\/pages\/519","targetHints":{"allow":["GET"]}}],"collection":[{"href":"https:\/\/solutionomd.com\/en\/wp-json\/wp\/v2\/pages"}],"about":[{"href":"https:\/\/solutionomd.com\/en\/wp-json\/wp\/v2\/types\/page"}],"author":[{"embeddable":true,"href":"https:\/\/solutionomd.com\/en\/wp-json\/wp\/v2\/users\/1"}],"replies":[{"embeddable":true,"href":"https:\/\/solutionomd.com\/en\/wp-json\/wp\/v2\/comments?post=519"}],"version-history":[{"count":5,"href":"https:\/\/solutionomd.com\/en\/wp-json\/wp\/v2\/pages\/519\/revisions"}],"predecessor-version":[{"id":725,"href":"https:\/\/solutionomd.com\/en\/wp-json\/wp\/v2\/pages\/519\/revisions\/725"}],"wp:featuredmedia":[{"embeddable":true,"href":"https:\/\/solutionomd.com\/en\/wp-json\/wp\/v2\/media\/516"}],"wp:attachment":[{"href":"https:\/\/solutionomd.com\/en\/wp-json\/wp\/v2\/media?parent=519"}],"wp:term":[{"taxonomy":"dipi_cpt_category","embeddable":true,"href":"https:\/\/solutionomd.com\/en\/wp-json\/wp\/v2\/dipi_cpt_category?post=519"}],"curies":[{"name":"wp","href":"https:\/\/api.w.org\/{rel}","templated":true}]}}