{"id":533,"date":"2022-01-20T12:04:28","date_gmt":"2022-01-20T17:04:28","guid":{"rendered":"https:\/\/solutionomd.com\/realizations\/"},"modified":"2022-01-27T15:04:19","modified_gmt":"2022-01-27T20:04:19","slug":"achievements","status":"publish","type":"page","link":"https:\/\/solutionomd.com\/en\/achievements\/","title":{"rendered":"Achievements"},"content":{"rendered":"<p>[et_pb_section fb_built=&#8221;1&#8243; custom_padding_last_edited=&#8221;on|desktop&#8221; admin_label=&#8221;R\u00e9alisations&#8221; _builder_version=&#8221;4.14.2&#8243; _module_preset=&#8221;default&#8221; background_image=&#8221;https:\/\/solutionomd.com\/wp-content\/uploads\/2021\/12\/header-a-propos.jpg&#8221; custom_padding=&#8221;110px||110px||true|false&#8221; custom_padding_tablet=&#8221;80px||80px||true|false&#8221; custom_padding_phone=&#8221;55px||55px||true|false&#8221; global_colors_info=&#8221;{}&#8221;][et_pb_row admin_label=&#8221;Achievements&#8221; module_class=&#8221;row-90 row-header&#8221; _builder_version=&#8221;4.14.2&#8243; _module_preset=&#8221;default&#8221; animation_style=&#8221;slide&#8221; animation_direction=&#8221;left&#8221; global_colors_info=&#8221;{}&#8221;][et_pb_column type=&#8221;4_4&#8243; _builder_version=&#8221;4.14.2&#8243; _module_preset=&#8221;default&#8221; global_colors_info=&#8221;{}&#8221;][et_pb_text admin_label=&#8221;R\u00e9alisations&#8221; _builder_version=&#8221;4.14.2&#8243; _module_preset=&#8221;default&#8221; header_font=&#8221;|700|||||||&#8221; header_text_color=&#8221;#FFFFFF&#8221; header_font_size=&#8221;52px&#8221; header_line_height=&#8221;1.3em&#8221; header_font_size_tablet=&#8221;45px&#8221; header_font_size_phone=&#8221;35px&#8221; header_font_size_last_edited=&#8221;on|desktop&#8221; custom_css_main_element=&#8221;width:fit-content;||-moz-width:fit-content;||-webkit-width:fit-content;&#8221; border_width_bottom=&#8221;6px&#8221; border_color_bottom=&#8221;#F22D3C&#8221; global_colors_info=&#8221;{}&#8221;]<\/p>\n<h1>Achievements<\/h1>\n<p>[\/et_pb_text][\/et_pb_column][\/et_pb_row][\/et_pb_section][et_pb_section fb_built=&#8221;1&#8243; _builder_version=&#8221;4.14.2&#8243; _module_preset=&#8221;default&#8221; global_colors_info=&#8221;{}&#8221;][et_pb_row _builder_version=&#8221;4.14.2&#8243; _module_preset=&#8221;default&#8221; width=&#8221;60%&#8221; custom_margin=&#8221;0px||||false|false&#8221; custom_padding=&#8221;0px||||false|false&#8221; animation_style=&#8221;slide&#8221; global_colors_info=&#8221;{}&#8221;][et_pb_column type=&#8221;4_4&#8243; _builder_version=&#8221;4.14.2&#8243; _module_preset=&#8221;default&#8221; global_colors_info=&#8221;{}&#8221;][et_pb_text admin_label=&#8221;Plusieurs projets r\u00e9alis\u00e9s de migration, d\u2019analyse et de virtualisation de SQL Server ont \u00e9t\u00e9 effectu\u00e9s.&#8221; _builder_version=&#8221;4.14.2&#8243; _module_preset=&#8221;default&#8221; header_2_font=&#8221;|700||on|||||&#8221; header_2_text_align=&#8221;center&#8221; header_2_text_color=&#8221;#17234D&#8221; header_2_font_size=&#8221;30px&#8221; header_2_letter_spacing=&#8221;1px&#8221; header_2_line_height=&#8221;1.3em&#8221; header_2_font_size_tablet=&#8221;26px&#8221; header_2_font_size_phone=&#8221;23px&#8221; header_2_font_size_last_edited=&#8221;on|desktop&#8221; global_colors_info=&#8221;{}&#8221;]<\/p>\n<h2>Several SQL Server migration, analysis and virtualization projects have been completed.<\/h2>\n<p>[\/et_pb_text][\/et_pb_column][\/et_pb_row][et_pb_row custom_padding_last_edited=&#8221;on|desktop&#8221; module_class=&#8221;row-90 row-rectangle-realisation&#8221; _builder_version=&#8221;4.14.6&#8243; _module_preset=&#8221;default&#8221; background_image=&#8221;https:\/\/solutionomd.com\/wp-content\/uploads\/2021\/12\/realisations-rectangle-bleu.png&#8221; custom_margin=&#8221;||50px||false|false&#8221; custom_margin_tablet=&#8221;||50px||false|false&#8221; custom_margin_phone=&#8221;||20px||false|false&#8221; custom_margin_last_edited=&#8221;on|phone&#8221; custom_padding=&#8221;96px||56px||false|false&#8221; custom_padding_tablet=&#8221;70px||50px||false|false&#8221; custom_padding_phone=&#8221;50px||30px||false|false&#8221; hover_enabled=&#8221;0&#8243; border_radii=&#8221;on|10px|10px|10px|10px&#8221; global_colors_info=&#8221;{}&#8221; sticky_enabled=&#8221;0&#8243;][et_pb_column type=&#8221;4_4&#8243; _builder_version=&#8221;4.14.2&#8243; _module_preset=&#8221;default&#8221; global_colors_info=&#8221;{}&#8221;][et_pb_text _builder_version=&#8221;4.14.2&#8243; _module_preset=&#8221;default&#8221; text_text_color=&#8221;#FFFFFF&#8221; text_font_size=&#8221;20px&#8221; text_letter_spacing=&#8221;1px&#8221; text_line_height=&#8221;30px&#8221; text_orientation=&#8221;center&#8221; width=&#8221;60%&#8221; width_tablet=&#8221;90%&#8221; width_phone=&#8221;80%&#8221; width_last_edited=&#8221;on|desktop&#8221; module_alignment=&#8221;center&#8221; text_font_size_tablet=&#8221;18px&#8221; text_font_size_phone=&#8221;16px&#8221; text_font_size_last_edited=&#8221;on|desktop&#8221; text_line_height_tablet=&#8221;25px&#8221; text_line_height_phone=&#8221;22px&#8221; text_line_height_last_edited=&#8221;on|desktop&#8221; global_colors_info=&#8221;{}&#8221;]For several years we have carried out large-scale projects with teams of more than 20 members and over several months.<\/p>\n<p>Following the same principle, the decommissioning of databases has been done with the help of checklists and according to standards, procedures and implementation plans.[\/et_pb_text][\/et_pb_column][\/et_pb_row][et_pb_row custom_padding_last_edited=&#8221;on|desktop&#8221; module_class=&#8221;row-90 row-rectangle-realisation&#8221; _builder_version=&#8221;4.14.6&#8243; _module_preset=&#8221;default&#8221; background_image=&#8221;https:\/\/solutionomd.com\/wp-content\/uploads\/2021\/12\/realisation-rectangle-rouge.png&#8221; custom_padding=&#8221;156px||106px||false|false&#8221; custom_padding_tablet=&#8221;90px||70px||false|false&#8221; custom_padding_phone=&#8221;70px||50px||false|false&#8221; hover_enabled=&#8221;0&#8243; border_radii=&#8221;on|10px|10px|10px|10px&#8221; global_colors_info=&#8221;{}&#8221; custom_margin=&#8221;||50px||false|false&#8221; sticky_enabled=&#8221;0&#8243; custom_margin_last_edited=&#8221;on|phone&#8221; custom_margin_phone=&#8221;||20px||false|false&#8221; custom_margin_tablet=&#8221;||50px||false|false&#8221;][et_pb_column type=&#8221;4_4&#8243; _builder_version=&#8221;4.14.2&#8243; _module_preset=&#8221;default&#8221; global_colors_info=&#8221;{}&#8221;][et_pb_text _builder_version=&#8221;4.14.2&#8243; _module_preset=&#8221;default&#8221; text_text_color=&#8221;#FFFFFF&#8221; text_font_size=&#8221;20px&#8221; text_letter_spacing=&#8221;1px&#8221; text_line_height=&#8221;30px&#8221; text_orientation=&#8221;center&#8221; width=&#8221;60%&#8221; width_tablet=&#8221;90%&#8221; width_phone=&#8221;80%&#8221; width_last_edited=&#8221;on|desktop&#8221; module_alignment=&#8221;center&#8221; text_font_size_tablet=&#8221;18px&#8221; text_font_size_phone=&#8221;16px&#8221; text_font_size_last_edited=&#8221;on|desktop&#8221; text_line_height_tablet=&#8221;25px&#8221; text_line_height_phone=&#8221;22px&#8221; text_line_height_last_edited=&#8221;on|desktop&#8221; global_colors_info=&#8221;{}&#8221;]Optimization of several database systems have allowed customers to focus on analyzing their data[\/et_pb_text][\/et_pb_column][\/et_pb_row][et_pb_row custom_padding_last_edited=&#8221;on|desktop&#8221; module_class=&#8221;row-90 row-rectangle-realisation&#8221; _builder_version=&#8221;4.14.6&#8243; _module_preset=&#8221;default&#8221; background_image=&#8221;https:\/\/solutionomd.com\/wp-content\/uploads\/2021\/12\/realisation-rectangle-jaune.png&#8221; custom_padding=&#8221;156px||106px||false|false&#8221; custom_padding_tablet=&#8221;90px||70px||false|false&#8221; custom_padding_phone=&#8221;70px||50px||false|false&#8221; hover_enabled=&#8221;0&#8243; border_radii=&#8221;on|10px|10px|10px|10px&#8221; global_colors_info=&#8221;{}&#8221; sticky_enabled=&#8221;0&#8243;][et_pb_column type=&#8221;4_4&#8243; _builder_version=&#8221;4.14.2&#8243; _module_preset=&#8221;default&#8221; global_colors_info=&#8221;{}&#8221;][et_pb_text _builder_version=&#8221;4.14.2&#8243; _module_preset=&#8221;default&#8221; text_text_color=&#8221;#FFFFFF&#8221; text_font_size=&#8221;20px&#8221; text_letter_spacing=&#8221;1px&#8221; text_line_height=&#8221;30px&#8221; text_orientation=&#8221;center&#8221; width=&#8221;60%&#8221; width_tablet=&#8221;90%&#8221; width_phone=&#8221;80%&#8221; width_last_edited=&#8221;on|desktop&#8221; module_alignment=&#8221;center&#8221; text_font_size_tablet=&#8221;18px&#8221; text_font_size_phone=&#8221;16px&#8221; text_font_size_last_edited=&#8221;on|desktop&#8221; text_line_height_tablet=&#8221;25px&#8221; text_line_height_phone=&#8221;22px&#8221; text_line_height_last_edited=&#8221;on|desktop&#8221; global_colors_info=&#8221;{}&#8221;]Several architectures have been established to meet the needs such as high availability, redundancy and geolocation.[\/et_pb_text][\/et_pb_column][\/et_pb_row][\/et_pb_section]<\/p>\n","protected":false},"excerpt":{"rendered":"<p>AchievementsSeveral SQL Server migration, analysis and virtualization projects have been completed.For several years we have carried out large-scale projects with teams of more than 20 members and over several months. Following the same principle, the decommissioning of databases has been done with the help of checklists and according to standards, procedures and implementation plans.Optimization of [&hellip;]<\/p>\n","protected":false},"author":1,"featured_media":516,"parent":0,"menu_order":0,"comment_status":"closed","ping_status":"closed","template":"","meta":{"_et_pb_use_builder":"on","_et_pb_old_content":"","_et_gb_content_width":"","footnotes":""},"dipi_cpt_category":[],"class_list":["post-533","page","type-page","status-publish","has-post-thumbnail","hentry"],"yoast_head":"<!-- This site is optimized with the Yoast SEO plugin v27.3 - https:\/\/yoast.com\/product\/yoast-seo-wordpress\/ -->\n<title>Achievements || OMD Solution<\/title>\n<meta name=\"description\" content=\"Projects realized by Solution OMD of migration, analysis and virtualization of SQL Server. Go and see our achievements.\" \/>\n<meta name=\"robots\" content=\"index, follow, max-snippet:-1, max-image-preview:large, max-video-preview:-1\" \/>\n<link rel=\"canonical\" href=\"https:\/\/solutionomd.com\/realisations\/\" \/>\n<meta property=\"og:locale\" content=\"en_US\" \/>\n<meta property=\"og:type\" content=\"article\" \/>\n<meta property=\"og:title\" content=\"Achievements || OMD Solution\" \/>\n<meta property=\"og:description\" content=\"Projects realized by Solution OMD of migration, analysis and virtualization of SQL Server. Go and see our achievements.\" \/>\n<meta property=\"og:url\" content=\"https:\/\/solutionomd.com\/realisations\/\" \/>\n<meta property=\"og:site_name\" content=\"Solution OMD\" \/>\n<meta property=\"article:modified_time\" content=\"2022-01-27T20:04:19+00:00\" \/>\n<meta property=\"og:image\" content=\"https:\/\/solutionomd.com\/wp-content\/uploads\/2021\/12\/partage-reseaux-sociaux.jpg\" \/>\n\t<meta property=\"og:image:width\" content=\"1200\" \/>\n\t<meta property=\"og:image:height\" content=\"630\" \/>\n\t<meta property=\"og:image:type\" content=\"image\/jpeg\" \/>\n<meta name=\"twitter:card\" content=\"summary_large_image\" \/>\n<meta name=\"twitter:title\" content=\"Achievements || OMD Solution\" \/>\n<meta name=\"twitter:description\" content=\"Projects realized by Solution OMD of migration, analysis and virtualization of SQL Server. Go and see our achievements.\" \/>\n<meta name=\"twitter:label1\" content=\"Est. reading time\" \/>\n\t<meta name=\"twitter:data1\" content=\"5 minutes\" \/>\n<script type=\"application\/ld+json\" class=\"yoast-schema-graph\">{\"@context\":\"https:\\\/\\\/schema.org\",\"@graph\":[{\"@type\":\"WebPage\",\"@id\":\"https:\\\/\\\/solutionomd.com\\\/realisations\\\/\",\"url\":\"https:\\\/\\\/solutionomd.com\\\/realisations\\\/\",\"name\":\"Achievements || OMD Solution\",\"isPartOf\":{\"@id\":\"https:\\\/\\\/solutionomd.com\\\/#website\"},\"primaryImageOfPage\":{\"@id\":\"https:\\\/\\\/solutionomd.com\\\/realisations\\\/#primaryimage\"},\"image\":{\"@id\":\"https:\\\/\\\/solutionomd.com\\\/realisations\\\/#primaryimage\"},\"thumbnailUrl\":\"https:\\\/\\\/solutionomd.com\\\/wp-content\\\/uploads\\\/2021\\\/12\\\/partage-reseaux-sociaux.jpg\",\"datePublished\":\"2022-01-20T17:04:28+00:00\",\"dateModified\":\"2022-01-27T20:04:19+00:00\",\"description\":\"Projects realized by Solution OMD of migration, analysis and virtualization of SQL Server. Go and see our achievements.\",\"breadcrumb\":{\"@id\":\"https:\\\/\\\/solutionomd.com\\\/realisations\\\/#breadcrumb\"},\"inLanguage\":\"en-US\",\"potentialAction\":[{\"@type\":\"ReadAction\",\"target\":[\"https:\\\/\\\/solutionomd.com\\\/realisations\\\/\"]}]},{\"@type\":\"ImageObject\",\"inLanguage\":\"en-US\",\"@id\":\"https:\\\/\\\/solutionomd.com\\\/realisations\\\/#primaryimage\",\"url\":\"https:\\\/\\\/solutionomd.com\\\/wp-content\\\/uploads\\\/2021\\\/12\\\/partage-reseaux-sociaux.jpg\",\"contentUrl\":\"https:\\\/\\\/solutionomd.com\\\/wp-content\\\/uploads\\\/2021\\\/12\\\/partage-reseaux-sociaux.jpg\",\"width\":1200,\"height\":630},{\"@type\":\"BreadcrumbList\",\"@id\":\"https:\\\/\\\/solutionomd.com\\\/realisations\\\/#breadcrumb\",\"itemListElement\":[{\"@type\":\"ListItem\",\"position\":1,\"name\":\"Accueil\",\"item\":\"https:\\\/\\\/solutionomd.com\\\/\"},{\"@type\":\"ListItem\",\"position\":2,\"name\":\"Achievements\"}]},{\"@type\":\"WebSite\",\"@id\":\"https:\\\/\\\/solutionomd.com\\\/#website\",\"url\":\"https:\\\/\\\/solutionomd.com\\\/\",\"name\":\"Solution OMD\",\"description\":\"La sous-traitance de la gestion de vos donn\u00e9es\",\"potentialAction\":[{\"@type\":\"SearchAction\",\"target\":{\"@type\":\"EntryPoint\",\"urlTemplate\":\"https:\\\/\\\/solutionomd.com\\\/?s={search_term_string}\"},\"query-input\":{\"@type\":\"PropertyValueSpecification\",\"valueRequired\":true,\"valueName\":\"search_term_string\"}}],\"inLanguage\":\"en-US\"}]}<\/script>\n<!-- \/ Yoast SEO plugin. -->","yoast_head_json":{"title":"Achievements || OMD Solution","description":"Projects realized by Solution OMD of migration, analysis and virtualization of SQL Server. Go and see our achievements.","robots":{"index":"index","follow":"follow","max-snippet":"max-snippet:-1","max-image-preview":"max-image-preview:large","max-video-preview":"max-video-preview:-1"},"canonical":"https:\/\/solutionomd.com\/realisations\/","og_locale":"en_US","og_type":"article","og_title":"Achievements || OMD Solution","og_description":"Projects realized by Solution OMD of migration, analysis and virtualization of SQL Server. Go and see our achievements.","og_url":"https:\/\/solutionomd.com\/realisations\/","og_site_name":"Solution OMD","article_modified_time":"2022-01-27T20:04:19+00:00","og_image":[{"width":1200,"height":630,"url":"https:\/\/solutionomd.com\/wp-content\/uploads\/2021\/12\/partage-reseaux-sociaux.jpg","type":"image\/jpeg"}],"twitter_card":"summary_large_image","twitter_title":"Achievements || OMD Solution","twitter_description":"Projects realized by Solution OMD of migration, analysis and virtualization of SQL Server. Go and see our achievements.","twitter_misc":{"Est. reading time":"5 minutes"},"schema":{"@context":"https:\/\/schema.org","@graph":[{"@type":"WebPage","@id":"https:\/\/solutionomd.com\/realisations\/","url":"https:\/\/solutionomd.com\/realisations\/","name":"Achievements || OMD Solution","isPartOf":{"@id":"https:\/\/solutionomd.com\/#website"},"primaryImageOfPage":{"@id":"https:\/\/solutionomd.com\/realisations\/#primaryimage"},"image":{"@id":"https:\/\/solutionomd.com\/realisations\/#primaryimage"},"thumbnailUrl":"https:\/\/solutionomd.com\/wp-content\/uploads\/2021\/12\/partage-reseaux-sociaux.jpg","datePublished":"2022-01-20T17:04:28+00:00","dateModified":"2022-01-27T20:04:19+00:00","description":"Projects realized by Solution OMD of migration, analysis and virtualization of SQL Server. Go and see our achievements.","breadcrumb":{"@id":"https:\/\/solutionomd.com\/realisations\/#breadcrumb"},"inLanguage":"en-US","potentialAction":[{"@type":"ReadAction","target":["https:\/\/solutionomd.com\/realisations\/"]}]},{"@type":"ImageObject","inLanguage":"en-US","@id":"https:\/\/solutionomd.com\/realisations\/#primaryimage","url":"https:\/\/solutionomd.com\/wp-content\/uploads\/2021\/12\/partage-reseaux-sociaux.jpg","contentUrl":"https:\/\/solutionomd.com\/wp-content\/uploads\/2021\/12\/partage-reseaux-sociaux.jpg","width":1200,"height":630},{"@type":"BreadcrumbList","@id":"https:\/\/solutionomd.com\/realisations\/#breadcrumb","itemListElement":[{"@type":"ListItem","position":1,"name":"Accueil","item":"https:\/\/solutionomd.com\/"},{"@type":"ListItem","position":2,"name":"Achievements"}]},{"@type":"WebSite","@id":"https:\/\/solutionomd.com\/#website","url":"https:\/\/solutionomd.com\/","name":"Solution OMD","description":"La sous-traitance de la gestion de vos donn\u00e9es","potentialAction":[{"@type":"SearchAction","target":{"@type":"EntryPoint","urlTemplate":"https:\/\/solutionomd.com\/?s={search_term_string}"},"query-input":{"@type":"PropertyValueSpecification","valueRequired":true,"valueName":"search_term_string"}}],"inLanguage":"en-US"}]}},"_links":{"self":[{"href":"https:\/\/solutionomd.com\/en\/wp-json\/wp\/v2\/pages\/533","targetHints":{"allow":["GET"]}}],"collection":[{"href":"https:\/\/solutionomd.com\/en\/wp-json\/wp\/v2\/pages"}],"about":[{"href":"https:\/\/solutionomd.com\/en\/wp-json\/wp\/v2\/types\/page"}],"author":[{"embeddable":true,"href":"https:\/\/solutionomd.com\/en\/wp-json\/wp\/v2\/users\/1"}],"replies":[{"embeddable":true,"href":"https:\/\/solutionomd.com\/en\/wp-json\/wp\/v2\/comments?post=533"}],"version-history":[{"count":11,"href":"https:\/\/solutionomd.com\/en\/wp-json\/wp\/v2\/pages\/533\/revisions"}],"predecessor-version":[{"id":730,"href":"https:\/\/solutionomd.com\/en\/wp-json\/wp\/v2\/pages\/533\/revisions\/730"}],"wp:featuredmedia":[{"embeddable":true,"href":"https:\/\/solutionomd.com\/en\/wp-json\/wp\/v2\/media\/516"}],"wp:attachment":[{"href":"https:\/\/solutionomd.com\/en\/wp-json\/wp\/v2\/media?parent=533"}],"wp:term":[{"taxonomy":"dipi_cpt_category","embeddable":true,"href":"https:\/\/solutionomd.com\/en\/wp-json\/wp\/v2\/dipi_cpt_category?post=533"}],"curies":[{"name":"wp","href":"https:\/\/api.w.org\/{rel}","templated":true}]}}