{"id":591,"date":"2022-01-20T13:41:13","date_gmt":"2022-01-20T18:41:13","guid":{"rendered":"https:\/\/solutionomd.com\/contact\/"},"modified":"2022-01-27T15:06:15","modified_gmt":"2022-01-27T20:06:15","slug":"contact","status":"publish","type":"page","link":"https:\/\/solutionomd.com\/en\/contact\/","title":{"rendered":"Contact"},"content":{"rendered":"<p>[et_pb_section fb_built=&#8221;1&#8243; custom_padding_last_edited=&#8221;on|desktop&#8221; admin_label=&#8221;Contact&#8221; _builder_version=&#8221;4.14.2&#8243; _module_preset=&#8221;default&#8221; background_image=&#8221;https:\/\/solutionomd.com\/wp-content\/uploads\/2021\/12\/header-a-propos.jpg&#8221; custom_padding=&#8221;110px||110px||true|false&#8221; custom_padding_tablet=&#8221;80px||80px||true|false&#8221; custom_padding_phone=&#8221;55px||55px||true|false&#8221; global_colors_info=&#8221;{}&#8221;][et_pb_row admin_label=&#8221;Contact&#8221; module_class=&#8221;row-90 row-header&#8221; _builder_version=&#8221;4.14.2&#8243; _module_preset=&#8221;default&#8221; animation_style=&#8221;slide&#8221; animation_direction=&#8221;left&#8221; global_colors_info=&#8221;{}&#8221;][et_pb_column type=&#8221;4_4&#8243; _builder_version=&#8221;4.14.2&#8243; _module_preset=&#8221;default&#8221; global_colors_info=&#8221;{}&#8221;][et_pb_text admin_label=&#8221;Contact&#8221; _builder_version=&#8221;4.14.2&#8243; _module_preset=&#8221;default&#8221; header_font=&#8221;|700|||||||&#8221; header_text_color=&#8221;#FFFFFF&#8221; header_font_size=&#8221;52px&#8221; header_line_height=&#8221;1.3em&#8221; header_font_size_tablet=&#8221;45px&#8221; header_font_size_phone=&#8221;35px&#8221; header_font_size_last_edited=&#8221;on|desktop&#8221; custom_css_main_element=&#8221;width:fit-content;||-moz-width:fit-content;||-webkit-width:fit-content;&#8221; border_width_bottom=&#8221;6px&#8221; border_color_bottom=&#8221;#FFBF30&#8243; global_colors_info=&#8221;{}&#8221;]<\/p>\n<h1>Contact<\/h1>\n<p>[\/et_pb_text][\/et_pb_column][\/et_pb_row][\/et_pb_section][et_pb_section fb_built=&#8221;1&#8243; _builder_version=&#8221;4.14.2&#8243; _module_preset=&#8221;default&#8221; custom_margin=&#8221;||20px||false|false&#8221; custom_padding=&#8221;||0px||false|false&#8221; global_colors_info=&#8221;{}&#8221;][et_pb_row column_structure=&#8221;1_2,1_2&#8243; use_custom_gutter=&#8221;on&#8221; gutter_width=&#8221;2&#8243; _builder_version=&#8221;4.14.2&#8243; _module_preset=&#8221;default&#8221; custom_margin=&#8221;0px||||false|false&#8221; custom_padding=&#8221;0px||||false|false&#8221; animation_style=&#8221;slide&#8221; animation_delay=&#8221;150ms&#8221; global_colors_info=&#8221;{}&#8221;][et_pb_column type=&#8221;1_2&#8243; _builder_version=&#8221;4.14.2&#8243; _module_preset=&#8221;default&#8221; global_colors_info=&#8221;{}&#8221;][et_pb_image src=&#8221;https:\/\/solutionomd.com\/wp-content\/uploads\/2021\/12\/photo-contact.jpg&#8221; title_text=&#8221;photo contact&#8221; align=&#8221;right&#8221; align_tablet=&#8221;left&#8221; align_phone=&#8221;left&#8221; align_last_edited=&#8221;on|tablet&#8221; _builder_version=&#8221;4.14.2&#8243; _module_preset=&#8221;default&#8221; width_tablet=&#8221;80%&#8221; width_phone=&#8221;90%&#8221; width_last_edited=&#8221;on|tablet&#8221; global_colors_info=&#8221;{}&#8221;][\/et_pb_image][\/et_pb_column][et_pb_column type=&#8221;1_2&#8243; _builder_version=&#8221;4.14.2&#8243; _module_preset=&#8221;default&#8221; global_colors_info=&#8221;{}&#8221;][et_pb_text admin_label=&#8221;Contactez-nous!&#8221; _builder_version=&#8221;4.14.2&#8243; _module_preset=&#8221;default&#8221; header_3_text_color=&#8221;#17234D&#8221; header_3_font_size=&#8221;24px&#8221; header_3_letter_spacing=&#8221;-1px&#8221; header_3_line_height=&#8221;1.3em&#8221; custom_margin=&#8221;||5px||false|false&#8221; header_3_font_size_tablet=&#8221;24px&#8221; header_3_font_size_phone=&#8221;24px&#8221; header_3_font_size_last_edited=&#8221;on|desktop&#8221; global_colors_info=&#8221;{}&#8221;]<\/p>\n<h3>Contact us!<\/h3>\n<p>[\/et_pb_text][et_pb_text admin_label=&#8221;Nous Joindre&#8221; _builder_version=&#8221;4.14.2&#8243; _module_preset=&#8221;default&#8221; header_2_font=&#8221;|700|||||||&#8221; header_2_text_color=&#8221;#17234D&#8221; header_2_font_size=&#8221;40px&#8221; header_2_letter_spacing=&#8221;1px&#8221; header_2_line_height=&#8221;1.3em&#8221; header_3_text_color=&#8221;#17234D&#8221; header_3_font_size=&#8221;24px&#8221; header_3_line_height=&#8221;1.3em&#8221; custom_margin=&#8221;||15px||false|false&#8221; header_2_font_size_tablet=&#8221;40px&#8221; header_2_font_size_phone=&#8221;30px&#8221; header_2_font_size_last_edited=&#8221;on|desktop&#8221; header_3_font_size_tablet=&#8221;24px&#8221; header_3_font_size_phone=&#8221;24px&#8221; header_3_font_size_last_edited=&#8221;on|desktop&#8221; global_colors_info=&#8221;{}&#8221;]<\/p>\n<h2>How to reach us<\/h2>\n<p>[\/et_pb_text][et_pb_text admin_label=&#8221;Nous pouvons vous aider \u00e0 concr\u00e9tiser vos projets Microsoft SQL Server&#8221; _builder_version=&#8221;4.14.2&#8243; _module_preset=&#8221;default&#8221; text_text_color=&#8221;#17234D&#8221; text_font_size=&#8221;20px&#8221; text_letter_spacing=&#8221;1px&#8221; text_line_height=&#8221;1.3em&#8221; width=&#8221;60%&#8221; width_tablet=&#8221;60%&#8221; width_phone=&#8221;60%&#8221; width_last_edited=&#8221;on|desktop&#8221; text_font_size_tablet=&#8221;18px&#8221; text_font_size_phone=&#8221;18px&#8221; text_font_size_last_edited=&#8221;on|desktop&#8221; global_colors_info=&#8221;{}&#8221;]<\/p>\n<p>We can help you bring your Microsoft SQL Server projects to life<\/p>\n<p>[\/et_pb_text][et_pb_text admin_label=&#8221;Information&#8221; _builder_version=&#8221;4.14.2&#8243; _module_preset=&#8221;default&#8221; header_4_font=&#8221;|700|||||||&#8221; header_4_text_color=&#8221;#17234D&#8221; header_4_font_size=&#8221;20px&#8221; header_4_letter_spacing=&#8221;1px&#8221; header_4_line_height=&#8221;1.3em&#8221; custom_margin=&#8221;||5px||false|false&#8221; header_4_font_size_tablet=&#8221;20px&#8221; header_4_font_size_phone=&#8221;20px&#8221; header_4_font_size_last_edited=&#8221;on|desktop&#8221; global_colors_info=&#8221;{}&#8221;]<\/p>\n<h4>Information<\/h4>\n<p>[\/et_pb_text][et_pb_text admin_label=&#8221;450 621-4706 info@solutionomd.com&#8221; _builder_version=&#8221;4.14.2&#8243; _module_preset=&#8221;default&#8221; text_font_size=&#8221;20px&#8221; text_letter_spacing=&#8221;1px&#8221; text_line_height=&#8221;2.1em&#8221; link_text_color=&#8221;#17234D&#8221; text_font_size_tablet=&#8221;20px&#8221; text_font_size_phone=&#8221;16px&#8221; text_font_size_last_edited=&#8221;on|desktop&#8221; text_line_height_tablet=&#8221;2.1em&#8221; text_line_height_phone=&#8221;2.1em&#8221; text_line_height_last_edited=&#8221;on|desktop&#8221; global_colors_info=&#8221;{}&#8221; link_text_color__hover_enabled=&#8221;on|hover&#8221; link_text_color__hover=&#8221;#F22D3C&#8221;]<\/p>\n<p><i class=\"fas fa-phone-alt\"><\/i> <a href=\"tel:4506214706\">450 621-4706<\/a><br \/><i class=\"fas fa-envelope\"><\/i> <a href=\"mailto:info@solutionomd.com\">info@solutionomd.com<\/a><\/p>\n<p>[\/et_pb_text][et_pb_text admin_label=&#8221;Support&#8221; _builder_version=&#8221;4.14.2&#8243; _module_preset=&#8221;default&#8221; header_4_font=&#8221;|700|||||||&#8221; header_4_text_color=&#8221;#17234D&#8221; header_4_font_size=&#8221;20px&#8221; header_4_letter_spacing=&#8221;1px&#8221; header_4_line_height=&#8221;1.3em&#8221; custom_margin=&#8221;||5px||false|false&#8221; header_4_font_size_tablet=&#8221;20px&#8221; header_4_font_size_phone=&#8221;20px&#8221; header_4_font_size_last_edited=&#8221;on|desktop&#8221; global_colors_info=&#8221;{}&#8221;]<\/p>\n<h4>Support<\/h4>\n<p>[\/et_pb_text][et_pb_text admin_label=&#8221;450 621-4706 helpdesk@solutionomd.com solutionomd&#8221; _builder_version=&#8221;4.14.2&#8243; _module_preset=&#8221;default&#8221; text_font_size=&#8221;20px&#8221; text_letter_spacing=&#8221;1px&#8221; text_line_height=&#8221;2.1em&#8221; link_text_color=&#8221;#17234D&#8221; text_font_size_tablet=&#8221;20px&#8221; text_font_size_phone=&#8221;16px&#8221; text_font_size_last_edited=&#8221;on|desktop&#8221; text_line_height_tablet=&#8221;2.1em&#8221; text_line_height_phone=&#8221;2.1em&#8221; text_line_height_last_edited=&#8221;on|desktop&#8221; global_colors_info=&#8221;{}&#8221; link_text_color__hover_enabled=&#8221;on|hover&#8221; link_text_color__hover=&#8221;#F22D3C&#8221;]<\/p>\n<p><i class=\"fas fa-phone-alt\"><\/i> <a href=\"tel:4506214706\">450 621-4706<\/a><br \/><i class=\"fas fa-envelope\"><\/i> <a href=\"mailto:helpdesk@solutionomd.com\">helpdesk@solutionomd.com<\/a><br \/><i class=\"fab fa-linkedin\"><\/i> <a href=\"https:\/\/www.linkedin.com\/company\/solution-omd-inc\/\">solutionomd<\/a><\/p>\n<p>[\/et_pb_text][\/et_pb_column][\/et_pb_row][\/et_pb_section][et_pb_section fb_built=&#8221;1&#8243; custom_padding_last_edited=&#8221;on|desktop&#8221; _builder_version=&#8221;4.14.2&#8243; _module_preset=&#8221;default&#8221; background_color=&#8221;#f8f8f8&#8243; width=&#8221;80%&#8221; width_tablet=&#8221;90%&#8221; width_phone=&#8221;90%&#8221; width_last_edited=&#8221;on|desktop&#8221; module_alignment=&#8221;center&#8221; custom_margin=&#8221;0px||60px||false|false&#8221; custom_margin_tablet=&#8221;0px||60px||false|false&#8221; custom_margin_phone=&#8221;||40px||false|false&#8221; custom_margin_last_edited=&#8221;on|desktop&#8221; custom_padding=&#8221;25px||25px||true|false&#8221; custom_padding_tablet=&#8221;25px||25px||true|false&#8221; custom_padding_phone=&#8221;5px||5px||true|false&#8221; scroll_vertical_motion_enable=&#8221;on&#8221; scroll_vertical_motion=&#8221;0|50|50|100|2|0|0&#8243; motion_trigger_start=&#8221;top&#8221; global_colors_info=&#8221;{}&#8221;][et_pb_row _builder_version=&#8221;4.14.2&#8243; _module_preset=&#8221;default&#8221; global_colors_info=&#8221;{}&#8221;][et_pb_column type=&#8221;4_4&#8243; _builder_version=&#8221;4.14.2&#8243; _module_preset=&#8221;default&#8221; global_colors_info=&#8221;{}&#8221;][et_pb_text admin_label=&#8221;R\u00e9servez&#8221; _builder_version=&#8221;4.14.2&#8243; _module_preset=&#8221;default&#8221; header_3_font=&#8221;|700||on|||||&#8221; header_3_text_align=&#8221;center&#8221; header_3_text_color=&#8221;#0998D4&#8243; header_3_font_size=&#8221;24px&#8221; header_3_letter_spacing=&#8221;-1px&#8221; header_3_line_height=&#8221;1.3em&#8221; custom_margin=&#8221;||10px||false|false&#8221; header_3_font_size_tablet=&#8221;24px&#8221; header_3_font_size_phone=&#8221;18px&#8221; header_3_font_size_last_edited=&#8221;on|desktop&#8221; global_colors_info=&#8221;{}&#8221;]<\/p>\n<h3>Schedule your meeting<\/h3>\n<p>[\/et_pb_text][et_pb_text admin_label=&#8221;Consultez Solution OMD&#8221; _builder_version=&#8221;4.14.2&#8243; _module_preset=&#8221;default&#8221; header_2_font=&#8221;|700||on|||||&#8221; header_2_text_align=&#8221;center&#8221; header_2_text_color=&#8221;#0998D4&#8243; header_2_font_size=&#8221;30px&#8221; header_2_letter_spacing=&#8221;1px&#8221; header_2_line_height=&#8221;1.3em&#8221; custom_margin=&#8221;||15px||false|false&#8221; header_2_font_size_tablet=&#8221;30px&#8221; header_2_font_size_phone=&#8221;24px&#8221; header_2_font_size_last_edited=&#8221;on|desktop&#8221; global_colors_info=&#8221;{}&#8221;]<\/p>\n<h2>Consult Solution <span style=\"color: #0b1021;\">OMD<\/span><\/h2>\n<p>[\/et_pb_text][et_pb_text admin_label=&#8221;Vous d\u00e9sirez r\u00e9server une plage horaire avec nous pour nous poser vos questions ? Nous vous invitons \u00e0 regarder les places disponibles en suivant ce lien.&#8221; _builder_version=&#8221;4.14.2&#8243; _module_preset=&#8221;default&#8221; text_text_color=&#8221;#0B1021&#8243; text_font_size=&#8221;20px&#8221; text_letter_spacing=&#8221;1px&#8221; text_line_height=&#8221;1.3em&#8221; text_orientation=&#8221;center&#8221; text_font_size_tablet=&#8221;20px&#8221; text_font_size_phone=&#8221;16px&#8221; text_font_size_last_edited=&#8221;on|desktop&#8221; global_colors_info=&#8221;{}&#8221;]<\/p>\n<p>You have questions ? <strong><span style=\"color: #0998d4;\">Schedule your meeting with us<\/span><\/strong> by following this link. We are delighted to meet you and make sure to meet your expectations regarding your databases !<\/p>\n<p>[\/et_pb_text][et_pb_button button_url=&#8221;https:\/\/outlook.office365.com\/owa\/calendar\/SolutionOMD1@solutionomd.com\/bookings\/&#8221; button_text=&#8221;Schedule your meeting&#8221; button_alignment=&#8221;center&#8221; admin_label=&#8221;R\u00e9servez&#8221; _builder_version=&#8221;4.14.2&#8243; _module_preset=&#8221;default&#8221; custom_button=&#8221;on&#8221; button_text_size=&#8221;17px&#8221; button_text_color=&#8221;#FFFFFF&#8221; button_bg_color=&#8221;#F22D3C&#8221; button_border_color=&#8221;#F22D3C&#8221; button_border_radius=&#8221;25px&#8221; button_font=&#8221;|700|||||||&#8221; button_icon=&#8221;&#xf073;||fa||900&#8243; button_icon_color=&#8221;#FFFFFF&#8221; button_icon_placement=&#8221;left&#8221; button_on_hover=&#8221;off&#8221; button_text_size_tablet=&#8221;17px&#8221; button_text_size_phone=&#8221;17px&#8221; button_text_size_last_edited=&#8221;on|desktop&#8221; global_colors_info=&#8221;{}&#8221; button_text_color__hover_enabled=&#8221;on|hover&#8221; button_text_color__hover=&#8221;#F22D3C&#8221; button_bg_color__hover_enabled=&#8221;on|desktop&#8221; button_bg_color__hover=&#8221;#FFFFFF&#8221; button_bg_enable_color__hover=&#8221;on&#8221; button_icon_color__hover_enabled=&#8221;on|hover&#8221; button_icon_color__hover=&#8221;#F22D3C&#8221; button_border_color__hover_enabled=&#8221;on|hover&#8221; button_border_color__hover=&#8221;#F22D3C&#8221;][\/et_pb_button][\/et_pb_column][\/et_pb_row][\/et_pb_section]<\/p>\n","protected":false},"excerpt":{"rendered":"<p>ContactContact us!How to reach usWe can help you bring your Microsoft SQL Server projects to lifeInformation 450 621-4706 info@solutionomd.comSupport 450 621-4706 helpdesk@solutionomd.com solutionomdSchedule your meetingConsult Solution OMDYou have questions ? Schedule your meeting with us by following this link. We are delighted to meet you and make sure to meet your expectations regarding your databases [&hellip;]<\/p>\n","protected":false},"author":1,"featured_media":516,"parent":0,"menu_order":0,"comment_status":"closed","ping_status":"closed","template":"","meta":{"_et_pb_use_builder":"on","_et_pb_old_content":"","_et_gb_content_width":"","footnotes":""},"dipi_cpt_category":[],"class_list":["post-591","page","type-page","status-publish","has-post-thumbnail","hentry"],"yoast_head":"<!-- This site is optimized with the Yoast SEO plugin v27.3 - https:\/\/yoast.com\/product\/yoast-seo-wordpress\/ -->\n<title>Contact OMD Solution<\/title>\n<meta name=\"description\" content=\"We can help you make your Microsoft SQL Server projects a reality. Microsoft SQL Server. Contact OMD Solution | President. Manuel Pineda.\" \/>\n<meta name=\"robots\" content=\"index, follow, max-snippet:-1, max-image-preview:large, max-video-preview:-1\" \/>\n<link rel=\"canonical\" href=\"https:\/\/solutionomd.com\/contact\/\" \/>\n<meta property=\"og:locale\" content=\"en_US\" \/>\n<meta property=\"og:type\" content=\"article\" \/>\n<meta property=\"og:title\" content=\"Contact OMD Solution\" \/>\n<meta property=\"og:description\" content=\"We can help you make your Microsoft SQL Server projects a reality. Microsoft SQL Server. Contact OMD Solution | President. Manuel Pineda.\" \/>\n<meta property=\"og:url\" content=\"https:\/\/solutionomd.com\/contact\/\" \/>\n<meta property=\"og:site_name\" content=\"Solution OMD\" \/>\n<meta property=\"article:modified_time\" content=\"2022-01-27T20:06:15+00:00\" \/>\n<meta property=\"og:image\" content=\"https:\/\/solutionomd.com\/wp-content\/uploads\/2021\/12\/partage-reseaux-sociaux.jpg\" \/>\n\t<meta property=\"og:image:width\" content=\"1200\" \/>\n\t<meta property=\"og:image:height\" content=\"630\" \/>\n\t<meta property=\"og:image:type\" content=\"image\/jpeg\" \/>\n<meta name=\"twitter:card\" content=\"summary_large_image\" \/>\n<meta name=\"twitter:title\" content=\"Contact OMD Solution\" \/>\n<meta name=\"twitter:description\" content=\"We can help you make your Microsoft SQL Server projects a reality. Microsoft SQL Server. Contact OMD Solution | President. Manuel Pineda.\" \/>\n<meta name=\"twitter:label1\" content=\"Est. reading time\" \/>\n\t<meta name=\"twitter:data1\" content=\"7 minutes\" \/>\n<script type=\"application\/ld+json\" class=\"yoast-schema-graph\">{\"@context\":\"https:\\\/\\\/schema.org\",\"@graph\":[{\"@type\":\"WebPage\",\"@id\":\"https:\\\/\\\/solutionomd.com\\\/contact\\\/\",\"url\":\"https:\\\/\\\/solutionomd.com\\\/contact\\\/\",\"name\":\"Contact OMD Solution\",\"isPartOf\":{\"@id\":\"https:\\\/\\\/solutionomd.com\\\/#website\"},\"primaryImageOfPage\":{\"@id\":\"https:\\\/\\\/solutionomd.com\\\/contact\\\/#primaryimage\"},\"image\":{\"@id\":\"https:\\\/\\\/solutionomd.com\\\/contact\\\/#primaryimage\"},\"thumbnailUrl\":\"https:\\\/\\\/solutionomd.com\\\/wp-content\\\/uploads\\\/2021\\\/12\\\/partage-reseaux-sociaux.jpg\",\"datePublished\":\"2022-01-20T18:41:13+00:00\",\"dateModified\":\"2022-01-27T20:06:15+00:00\",\"description\":\"We can help you make your Microsoft SQL Server projects a reality. Microsoft SQL Server. Contact OMD Solution | President. Manuel Pineda.\",\"breadcrumb\":{\"@id\":\"https:\\\/\\\/solutionomd.com\\\/contact\\\/#breadcrumb\"},\"inLanguage\":\"en-US\",\"potentialAction\":[{\"@type\":\"ReadAction\",\"target\":[\"https:\\\/\\\/solutionomd.com\\\/contact\\\/\"]}]},{\"@type\":\"ImageObject\",\"inLanguage\":\"en-US\",\"@id\":\"https:\\\/\\\/solutionomd.com\\\/contact\\\/#primaryimage\",\"url\":\"https:\\\/\\\/solutionomd.com\\\/wp-content\\\/uploads\\\/2021\\\/12\\\/partage-reseaux-sociaux.jpg\",\"contentUrl\":\"https:\\\/\\\/solutionomd.com\\\/wp-content\\\/uploads\\\/2021\\\/12\\\/partage-reseaux-sociaux.jpg\",\"width\":1200,\"height\":630},{\"@type\":\"BreadcrumbList\",\"@id\":\"https:\\\/\\\/solutionomd.com\\\/contact\\\/#breadcrumb\",\"itemListElement\":[{\"@type\":\"ListItem\",\"position\":1,\"name\":\"Accueil\",\"item\":\"https:\\\/\\\/solutionomd.com\\\/\"},{\"@type\":\"ListItem\",\"position\":2,\"name\":\"Contact\"}]},{\"@type\":\"WebSite\",\"@id\":\"https:\\\/\\\/solutionomd.com\\\/#website\",\"url\":\"https:\\\/\\\/solutionomd.com\\\/\",\"name\":\"Solution OMD\",\"description\":\"La sous-traitance de la gestion de vos donn\u00e9es\",\"potentialAction\":[{\"@type\":\"SearchAction\",\"target\":{\"@type\":\"EntryPoint\",\"urlTemplate\":\"https:\\\/\\\/solutionomd.com\\\/?s={search_term_string}\"},\"query-input\":{\"@type\":\"PropertyValueSpecification\",\"valueRequired\":true,\"valueName\":\"search_term_string\"}}],\"inLanguage\":\"en-US\"}]}<\/script>\n<!-- \/ Yoast SEO plugin. -->","yoast_head_json":{"title":"Contact OMD Solution","description":"We can help you make your Microsoft SQL Server projects a reality. Microsoft SQL Server. Contact OMD Solution | President. Manuel Pineda.","robots":{"index":"index","follow":"follow","max-snippet":"max-snippet:-1","max-image-preview":"max-image-preview:large","max-video-preview":"max-video-preview:-1"},"canonical":"https:\/\/solutionomd.com\/contact\/","og_locale":"en_US","og_type":"article","og_title":"Contact OMD Solution","og_description":"We can help you make your Microsoft SQL Server projects a reality. Microsoft SQL Server. Contact OMD Solution | President. Manuel Pineda.","og_url":"https:\/\/solutionomd.com\/contact\/","og_site_name":"Solution OMD","article_modified_time":"2022-01-27T20:06:15+00:00","og_image":[{"width":1200,"height":630,"url":"https:\/\/solutionomd.com\/wp-content\/uploads\/2021\/12\/partage-reseaux-sociaux.jpg","type":"image\/jpeg"}],"twitter_card":"summary_large_image","twitter_title":"Contact OMD Solution","twitter_description":"We can help you make your Microsoft SQL Server projects a reality. Microsoft SQL Server. Contact OMD Solution | President. Manuel Pineda.","twitter_misc":{"Est. reading time":"7 minutes"},"schema":{"@context":"https:\/\/schema.org","@graph":[{"@type":"WebPage","@id":"https:\/\/solutionomd.com\/contact\/","url":"https:\/\/solutionomd.com\/contact\/","name":"Contact OMD Solution","isPartOf":{"@id":"https:\/\/solutionomd.com\/#website"},"primaryImageOfPage":{"@id":"https:\/\/solutionomd.com\/contact\/#primaryimage"},"image":{"@id":"https:\/\/solutionomd.com\/contact\/#primaryimage"},"thumbnailUrl":"https:\/\/solutionomd.com\/wp-content\/uploads\/2021\/12\/partage-reseaux-sociaux.jpg","datePublished":"2022-01-20T18:41:13+00:00","dateModified":"2022-01-27T20:06:15+00:00","description":"We can help you make your Microsoft SQL Server projects a reality. Microsoft SQL Server. Contact OMD Solution | President. Manuel Pineda.","breadcrumb":{"@id":"https:\/\/solutionomd.com\/contact\/#breadcrumb"},"inLanguage":"en-US","potentialAction":[{"@type":"ReadAction","target":["https:\/\/solutionomd.com\/contact\/"]}]},{"@type":"ImageObject","inLanguage":"en-US","@id":"https:\/\/solutionomd.com\/contact\/#primaryimage","url":"https:\/\/solutionomd.com\/wp-content\/uploads\/2021\/12\/partage-reseaux-sociaux.jpg","contentUrl":"https:\/\/solutionomd.com\/wp-content\/uploads\/2021\/12\/partage-reseaux-sociaux.jpg","width":1200,"height":630},{"@type":"BreadcrumbList","@id":"https:\/\/solutionomd.com\/contact\/#breadcrumb","itemListElement":[{"@type":"ListItem","position":1,"name":"Accueil","item":"https:\/\/solutionomd.com\/"},{"@type":"ListItem","position":2,"name":"Contact"}]},{"@type":"WebSite","@id":"https:\/\/solutionomd.com\/#website","url":"https:\/\/solutionomd.com\/","name":"Solution OMD","description":"La sous-traitance de la gestion de vos donn\u00e9es","potentialAction":[{"@type":"SearchAction","target":{"@type":"EntryPoint","urlTemplate":"https:\/\/solutionomd.com\/?s={search_term_string}"},"query-input":{"@type":"PropertyValueSpecification","valueRequired":true,"valueName":"search_term_string"}}],"inLanguage":"en-US"}]}},"_links":{"self":[{"href":"https:\/\/solutionomd.com\/en\/wp-json\/wp\/v2\/pages\/591","targetHints":{"allow":["GET"]}}],"collection":[{"href":"https:\/\/solutionomd.com\/en\/wp-json\/wp\/v2\/pages"}],"about":[{"href":"https:\/\/solutionomd.com\/en\/wp-json\/wp\/v2\/types\/page"}],"author":[{"embeddable":true,"href":"https:\/\/solutionomd.com\/en\/wp-json\/wp\/v2\/users\/1"}],"replies":[{"embeddable":true,"href":"https:\/\/solutionomd.com\/en\/wp-json\/wp\/v2\/comments?post=591"}],"version-history":[{"count":8,"href":"https:\/\/solutionomd.com\/en\/wp-json\/wp\/v2\/pages\/591\/revisions"}],"predecessor-version":[{"id":736,"href":"https:\/\/solutionomd.com\/en\/wp-json\/wp\/v2\/pages\/591\/revisions\/736"}],"wp:featuredmedia":[{"embeddable":true,"href":"https:\/\/solutionomd.com\/en\/wp-json\/wp\/v2\/media\/516"}],"wp:attachment":[{"href":"https:\/\/solutionomd.com\/en\/wp-json\/wp\/v2\/media?parent=591"}],"wp:term":[{"taxonomy":"dipi_cpt_category","embeddable":true,"href":"https:\/\/solutionomd.com\/en\/wp-json\/wp\/v2\/dipi_cpt_category?post=591"}],"curies":[{"name":"wp","href":"https:\/\/api.w.org\/{rel}","templated":true}]}}